{"id":4322,"date":"2025-06-25T17:31:55","date_gmt":"2025-06-25T14:31:55","guid":{"rendered":"https:\/\/bonus.casinometropol983.com\/tr\/?page_id=4322"},"modified":"2025-07-04T10:58:26","modified_gmt":"2025-07-04T07:58:26","slug":"ortagimiz-olun","status":"publish","type":"page","link":"https:\/\/bonus.casinometropol983.com\/tr\/ortagimiz-olun\/","title":{"rendered":"Ortakl\u0131k Program\u0131m\u0131za Kat\u0131l\u0131n, Birlikte Kazanal\u0131m"},"content":{"rendered":"<p>Casino ve Bahis sayfalar\u0131nda referanslar\u0131n\u0131z taraf\u0131ndan oynanan t\u00fcm bahisler i\u00e7in komisyon kazan\u0131n.<\/p>\n<h2>Ayr\u0131cal\u0131kl\u0131 avantajlar<\/h2>\n<div class=\"aff-box-container\">\n<div><img loading=\"lazy\" class=\"alignnone size-full wp-image-4320\" src=\"https:\/\/bonus.casinometropol983.com\/tr\/wp-content\/uploads\/2025\/06\/aff-icon-1.png\" alt=\"\" width=\"124\" height=\"124\" \/><\/p>\n<p>H\u0131zl\u0131 \u00d6deme ve Ya\u015fam Boyu Kazan\u00e7<\/p>\n<\/div>\n<div><img loading=\"lazy\" class=\"alignnone size-full wp-image-4321\" src=\"https:\/\/bonus.casinometropol983.com\/tr\/wp-content\/uploads\/2025\/06\/aff-icon-2.png\" alt=\"\" width=\"124\" height=\"124\" \/><\/p>\n<p>Sorunsuz Devir \u0130\u015flemleri<\/p>\n<\/div>\n<div><img loading=\"lazy\" class=\"alignnone size-full wp-image-4319\" src=\"https:\/\/bonus.casinometropol983.com\/tr\/wp-content\/uploads\/2025\/06\/aff-icon-3.png\" alt=\"\" width=\"124\" height=\"124\" \/><\/p>\n<p>Saatlik Takip ve Raporlama<\/p>\n<\/div>\n<div><img loading=\"lazy\" class=\"alignnone size-full wp-image-4318\" src=\"https:\/\/bonus.casinometropol983.com\/tr\/wp-content\/uploads\/2025\/06\/aff-icon-4.png\" alt=\"\" width=\"124\" height=\"124\" \/><\/p>\n<p>Ayl\u0131k \u00d6deme<\/p>\n<\/div>\n<div><img loading=\"lazy\" class=\"alignnone size-full wp-image-4317\" src=\"https:\/\/bonus.casinometropol983.com\/tr\/wp-content\/uploads\/2025\/06\/aff-icon-5.png\" alt=\"\" width=\"124\" height=\"124\" \/><\/p>\n<p>\u00d6m\u00fcr Boyu Komisyon<\/p>\n<\/div>\n<div><img loading=\"lazy\" class=\"alignnone size-full wp-image-4316\" src=\"https:\/\/bonus.casinometropol983.com\/tr\/wp-content\/uploads\/2025\/06\/aff-icon-6.png\" alt=\"\" width=\"124\" height=\"124\" \/><\/p>\n<p>VIP Hesap Uzmanlar\u0131<\/p>\n<\/div>\n<\/div>\n<h2>Komisyon Oranlar\u0131<\/h2>\n<p>Rekabet\u00e7i ortakl\u0131k program\u0131m\u0131zla komisyon kazan\u0131n. Geni\u015f bir \u00f6d\u00fcl plan\u0131 yelpazesi sunuyoruz ve oyuncular\u0131n gelirine ve genel performansa ba\u011fl\u0131 olarak %25&#8217;ten ba\u015flay\u0131p %45&#8217;e kadar komisyon oranlar\u0131 kazanabilirsiniz.<\/p>\n<h2>\u015eimdi CasinoMetropol&#8217;\u00fcn Orta\u011f\u0131 Olun<\/h2>\n<p>A\u015fa\u011f\u0131daki linkteki formu doldurarak CasinoMetropol markas\u0131 ile \u00e7al\u0131\u015fma orta\u011f\u0131 olabilirsin. Ortakl\u0131k program\u0131 uzmanlar\u0131m\u0131z en k\u0131sa s\u00fcrede seninle ileti\u015fime ge\u00e7ecektir.<\/p>\n<div class=\"button-wrapper cmbw\"><a class=\"button\" href=\"https:\/\/rlmaffpanel.myaffcdn1.com\/signup.php\" target=\"_blank\" rel=\"noopener noreferrer\"> Orta\u011f\u0131m\u0131z Olun <\/a><\/div>\n","protected":false},"excerpt":{"rendered":"<p>Casino ve Bahis sayfalar\u0131nda referanslar\u0131n\u0131z taraf\u0131ndan oynanan t\u00fcm bahisler i\u00e7in komisyon kazan\u0131n. Ayr\u0131cal\u0131kl\u0131 avantajlar H\u0131zl\u0131 \u00d6deme ve Ya\u015fam Boyu Kazan\u00e7 Sorunsuz Devir \u0130\u015flemleri<\/p>\n","protected":false},"author":1,"featured_media":4328,"parent":0,"menu_order":0,"comment_status":"closed","ping_status":"closed","template":"","meta":{"_links_to":"","_links_to_target":""},"categories":[],"tags":[],"_links":{"self":[{"href":"https:\/\/bonus.casinometropol983.com\/tr\/wp-json\/wp\/v2\/pages\/4322"}],"collection":[{"href":"https:\/\/bonus.casinometropol983.com\/tr\/wp-json\/wp\/v2\/pages"}],"about":[{"href":"https:\/\/bonus.casinometropol983.com\/tr\/wp-json\/wp\/v2\/types\/page"}],"author":[{"embeddable":true,"href":"https:\/\/bonus.casinometropol983.com\/tr\/wp-json\/wp\/v2\/users\/1"}],"replies":[{"embeddable":true,"href":"https:\/\/bonus.casinometropol983.com\/tr\/wp-json\/wp\/v2\/comments?post=4322"}],"version-history":[{"count":0,"href":"https:\/\/bonus.casinometropol983.com\/tr\/wp-json\/wp\/v2\/pages\/4322\/revisions"}],"wp:featuredmedia":[{"embeddable":true,"href":"https:\/\/bonus.casinometropol983.com\/tr\/wp-json\/wp\/v2\/media\/4328"}],"wp:attachment":[{"href":"https:\/\/bonus.casinometropol983.com\/tr\/wp-json\/wp\/v2\/media?parent=4322"}],"wp:term":[{"taxonomy":"category","embeddable":true,"href":"https:\/\/bonus.casinometropol983.com\/tr\/wp-json\/wp\/v2\/categories?post=4322"},{"taxonomy":"post_tag","embeddable":true,"href":"https:\/\/bonus.casinometropol983.com\/tr\/wp-json\/wp\/v2\/tags?post=4322"}],"curies":[{"name":"wp","href":"https:\/\/api.w.org\/{rel}","templated":true}]}}